{"id":29,"date":"2023-12-14T10:09:40","date_gmt":"2023-12-14T10:09:40","guid":{"rendered":"https:\/\/fink-oberau.de\/?page_id=29"},"modified":"2023-12-14T16:33:18","modified_gmt":"2023-12-14T15:33:18","slug":"friedhofsgaertnerei","status":"publish","type":"page","link":"https:\/\/fink-oberau.de\/?page_id=29","title":{"rendered":"Friedhofsg\u00e4rtnerei"},"content":{"rendered":"\t\t<div data-elementor-type=\"wp-page\" data-elementor-id=\"29\" class=\"elementor elementor-29\">\n\t\t\t\t<div class=\"elementor-element elementor-element-8ef5aa1 e-flex e-con-boxed e-con e-parent\" data-id=\"8ef5aa1\" data-element_type=\"container\">\n\t\t\t\t\t<div class=\"e-con-inner\">\n\t\t\t\t<div class=\"elementor-element elementor-element-8e3d444 elementor-widget elementor-widget-heading\" data-id=\"8e3d444\" data-element_type=\"widget\" data-widget_type=\"heading.default\">\n\t\t\t\t<div class=\"elementor-widget-container\">\n\t\t\t\t\t<h2 class=\"elementor-heading-title elementor-size-default\">Friedhofsg\u00e4rtnerei<\/h2>\t\t\t\t<\/div>\n\t\t\t\t<\/div>\n\t\t\t\t\t<\/div>\n\t\t\t\t<\/div>\n\t\t<div class=\"elementor-element elementor-element-00772f0 e-flex e-con-boxed e-con e-parent\" data-id=\"00772f0\" data-element_type=\"container\">\n\t\t\t\t\t<div class=\"e-con-inner\">\n\t\t\t\t<div class=\"elementor-element elementor-element-944b478 elementor-widget-divider--view-line elementor-widget elementor-widget-divider\" data-id=\"944b478\" data-element_type=\"widget\" data-widget_type=\"divider.default\">\n\t\t\t\t<div class=\"elementor-widget-container\">\n\t\t\t\t\t\t\t<div class=\"elementor-divider\">\n\t\t\t<span class=\"elementor-divider-separator\">\n\t\t\t\t\t\t<\/span>\n\t\t<\/div>\n\t\t\t\t\t\t<\/div>\n\t\t\t\t<\/div>\n\t\t\t\t<div class=\"elementor-element elementor-element-d245ab5 elementor-widget elementor-widget-heading\" data-id=\"d245ab5\" data-element_type=\"widget\" data-widget_type=\"heading.default\">\n\t\t\t\t<div class=\"elementor-widget-container\">\n\t\t\t\t\t<h3 class=\"elementor-heading-title elementor-size-default\">\"Das Sch\u00f6nste, was ein Mensch hinterlassen kann,\nist ein L\u00e4cheln im Gesicht derjenigen,\ndie an ihn denken.\"<\/h3>\t\t\t\t<\/div>\n\t\t\t\t<\/div>\n\t\t\t\t<div class=\"elementor-element elementor-element-4a7c748 elementor-widget elementor-widget-text-editor\" data-id=\"4a7c748\" data-element_type=\"widget\" data-widget_type=\"text-editor.default\">\n\t\t\t\t<div class=\"elementor-widget-container\">\n\t\t\t\t\t\t\t\t\t<p style=\"background: white; margin: 0cm 0cm 17.0pt 0cm;\"><span style=\"font-size: 13.5pt; font-family: 'Arial',sans-serif;\">Gerne \u00fcbernehmen wir die Pflege Ihres Familiengrabes. Wir gestalten eine w\u00fcrdevolle Ruhest\u00e4tte um die Erinnerungen an Ihre Angeh\u00f6rigen erbl\u00fchen zu lassen.<\/span><\/p><p style=\"background: white; margin: 0cm 0cm 17.0pt 0cm;\"><span style=\"font-size: 13.5pt; font-family: 'Arial',sans-serif;\">Wir pflegen Gr\u00e4ber auf Friedh\u00f6fen in Oberau, Eschenlohe, Farchant, Partenkirchen, Garmisch, Grainau, Ettal, Graswang und Oberammergau. Gerne \u00fcbernehmen wir Grabneuanlagen, sowie die saisonale Bepflanzung und Pflege des Grabes. Ebenso liefern wir nach Ihren W\u00fcnschen gestaltete Blumenarrangements an das Grab. Wir freuen uns, wenn wir Sie \u00fcber alle M\u00f6glichkeiten der Grabgestaltung informieren d\u00fcrfen.<\/span><\/p>\t\t\t\t\t\t\t\t<\/div>\n\t\t\t\t<\/div>\n\t\t\t\t<div class=\"elementor-element elementor-element-524ee2a elementor-widget elementor-widget-spacer\" data-id=\"524ee2a\" data-element_type=\"widget\" data-widget_type=\"spacer.default\">\n\t\t\t\t<div class=\"elementor-widget-container\">\n\t\t\t\t\t\t\t<div class=\"elementor-spacer\">\n\t\t\t<div class=\"elementor-spacer-inner\"><\/div>\n\t\t<\/div>\n\t\t\t\t\t\t<\/div>\n\t\t\t\t<\/div>\n\t\t\t\t<div class=\"elementor-element elementor-element-97b7a2a elementor-widget elementor-widget-heading\" data-id=\"97b7a2a\" data-element_type=\"widget\" data-widget_type=\"heading.default\">\n\t\t\t\t<div class=\"elementor-widget-container\">\n\t\t\t\t\t<h3 class=\"elementor-heading-title elementor-size-default\">Grabneuanlage<\/h3>\t\t\t\t<\/div>\n\t\t\t\t<\/div>\n\t\t\t\t<div class=\"elementor-element elementor-element-e04520d elementor-widget elementor-widget-text-editor\" data-id=\"e04520d\" data-element_type=\"widget\" data-widget_type=\"text-editor.default\">\n\t\t\t\t<div class=\"elementor-widget-container\">\n\t\t\t\t\t\t\t\t\t<p style=\"background: white; margin: 0cm 0cm 17.0pt 0cm;\"><span style=\"font-size: 13.5pt; font-family: 'Arial',sans-serif;\">Bei der Neuanlegung eines Grabes stehen wir Ihnen g\u00e4rtnerisch zur Seite. Wir orientieren uns ganz an Ihren Vorstellungen und W\u00fcnschen und setzen diese g\u00e4rtnerisch f\u00fcr Sie um.<\/span><\/p><p style=\"background: white; margin: 0cm 0cm 17.0pt 0cm;\"><span style=\"font-size: 13.5pt; font-family: 'Arial',sans-serif;\">Auf Wunsch k\u00f6nnen wir Geohumus in das Grab einbringen, welcher die Feuchtigkeit f\u00fcr Pflanzen l\u00e4nger einspeichert.<\/span><\/p><p style=\"background: white; margin: 0cm 0cm 17.0pt 0cm;\"><span style=\"font-size: 13.5pt; font-family: 'Arial',sans-serif;\">Bei der Einfassung des Grabes arbeiten wir mit Bodendecker Pflanzen wie z. B. Cotoneaster, Pachysandra oder Waldsteinia. Ebenso k\u00f6nnen verschiedene Stauden und Geh\u00f6lze eingepflanzt werden, welche einen sch\u00f6nen Hintergrund f\u00fcr eine saisonale Bepflanzung darstellen.<\/span><\/p><p style=\"background: white; margin: 0cm 0cm 17.0pt 0cm;\"><span style=\"font-size: 13.5pt; font-family: 'Arial',sans-serif;\">Wir erstellen Ihnen gerne ein unverbindliches Angebot zur Grabgestaltung.<\/span><\/p><p style=\"background: white; margin: 0cm 0cm 17.0pt 0cm;\"><span style=\"font-size: 13.5pt; font-family: 'Arial',sans-serif;\">Wir \u00fcbernehmen f\u00fcr Sie die ganzj\u00e4hrige Betreuung der Grabst\u00e4tte. Wir f\u00fchren s\u00e4mtliche Arbeiten am Grab aus \u2013 Sie m\u00fcssen sich um nichts k\u00fcmmern. Die Dauergrabpflege beinhaltet folgende Arbeiten:<\/span><\/p><p style=\"background: white; margin: 0cm 0cm 17.0pt 0cm;\"><span style=\"font-size: 13.5pt; font-family: 'Arial',sans-serif;\">Von M\u00e4rz bis November sind wir auf den Friedh\u00f6fen f\u00fcr Sie unterwegs und erledigen alle pflegerischen Arbeiten am Grab. Der Rasen um das Grab wird gem\u00e4ht, die Grabeinfassung geschnitten, Unkraut gej\u00e4tet, Laub entfernt und Bepflanzungen ged\u00fcngt. Somit wird das gepflegte und w\u00fcrdevolle Erscheinungsbild des Grabes erhalten.<\/span><\/p><p style=\"background: white; margin: 0cm 0cm 17.0pt 0cm;\"><span style=\"font-size: 13.5pt; font-family: 'Arial',sans-serif;\">Wir bieten Ihnen drei saisonale Bepflanzungen an, diese finden im Fr\u00fchjahr, im Sommer und im Herbst statt.<\/span><\/p><p style=\"background: white; margin: 0cm 0cm 17.0pt 0cm;\"><span style=\"font-size: 13.5pt; font-family: 'Arial',sans-serif;\">Im Fr\u00fchjahr gestalten wir das Grab mit Fr\u00fchjahrsbl\u00fchern aus unserer eigenen Produktion, wie z. B. Hornveilchen, Stiefm\u00fctterchen, Bellis und Zwiebelgew\u00e4chsen in verschiedensten Farbvariationen.<\/span><\/p><p style=\"background: white; margin: 0cm 0cm 17.0pt 0cm;\"><span style=\"font-size: 13.5pt; font-family: 'Arial',sans-serif;\">Auch im Sommer bepflanzen wir das Grab, mit beispielsweise Husarenkn\u00f6pfen, verschiedenen Begonien Sorten sowie Fuchsien aus Eigenproduktion.<\/span><\/p><p style=\"background: white; margin: 0cm 0cm 17.0pt 0cm;\"><span style=\"font-size: 13.5pt; font-family: 'Arial',sans-serif;\">Im Herbst bieten wir eine Bepflanzung mit unserem Herbstzauber, winterharten Erikas oder auch Chrysanthemen an. Au\u00dferdem k\u00f6nnen Sie in unserer Floristik Werkstatt ein Allerheiligengesteck nach Ihren W\u00fcnschen anfertigen lassen, welches wir f\u00fcr Sie an die Grabst\u00e4tte liefern.<\/span><\/p><p style=\"background: white; margin: 0cm 0cm 17.0pt 0cm;\"><span style=\"font-size: 13.5pt; font-family: 'Arial',sans-serif;\">Bei besonderen Anl\u00e4ssen fertigt unsere Floristik Werkstatt ebenso, gerne einen individuellen Blumenschmuck f\u00fcr die Grabst\u00e4tte, welchen wir f\u00fcr Sie ausliefern.<\/span><\/p><p style=\"background: white; margin: 0cm 0cm 17.0pt 0cm;\"><span style=\"font-size: 13.5pt; font-family: 'Arial',sans-serif;\">Ebenso in unserer Dauergrabpflege enthalten ist der Gie\u00dfservice. Wir bew\u00e4ssern das Grab und sorgen somit f\u00fcr eine optimale Feuchtigkeit der Bepflanzung.<\/span><\/p>\t\t\t\t\t\t\t\t<\/div>\n\t\t\t\t<\/div>\n\t\t\t\t\t<\/div>\n\t\t\t\t<\/div>\n\t\t\t\t<\/div>\n\t\t","protected":false},"excerpt":{"rendered":"<p>Friedhofsg\u00e4rtnerei &#8222;Das Sch\u00f6nste, was ein Mensch hinterlassen kann, ist ein L\u00e4cheln im Gesicht derjenigen, die an ihn denken.&#8220; Gerne \u00fcbernehmen wir die Pflege Ihres Familiengrabes. Wir gestalten eine w\u00fcrdevolle Ruhest\u00e4tte um die Erinnerungen an Ihre Angeh\u00f6rigen erbl\u00fchen zu lassen. Wir pflegen Gr\u00e4ber auf Friedh\u00f6fen in Oberau, Eschenlohe, Farchant, Partenkirchen, Garmisch, Grainau, Ettal, Graswang und Oberammergau. [&hellip;]<\/p>\n","protected":false},"author":1,"featured_media":0,"parent":0,"menu_order":0,"comment_status":"closed","ping_status":"closed","template":"","meta":{"iawp_total_views":2,"footnotes":""},"class_list":["post-29","page","type-page","status-publish","hentry"],"blocksy_meta":[],"_links":{"self":[{"href":"https:\/\/fink-oberau.de\/index.php?rest_route=\/wp\/v2\/pages\/29","targetHints":{"allow":["GET"]}}],"collection":[{"href":"https:\/\/fink-oberau.de\/index.php?rest_route=\/wp\/v2\/pages"}],"about":[{"href":"https:\/\/fink-oberau.de\/index.php?rest_route=\/wp\/v2\/types\/page"}],"author":[{"embeddable":true,"href":"https:\/\/fink-oberau.de\/index.php?rest_route=\/wp\/v2\/users\/1"}],"replies":[{"embeddable":true,"href":"https:\/\/fink-oberau.de\/index.php?rest_route=%2Fwp%2Fv2%2Fcomments&post=29"}],"version-history":[{"count":0,"href":"https:\/\/fink-oberau.de\/index.php?rest_route=\/wp\/v2\/pages\/29\/revisions"}],"wp:attachment":[{"href":"https:\/\/fink-oberau.de\/index.php?rest_route=%2Fwp%2Fv2%2Fmedia&parent=29"}],"curies":[{"name":"wp","href":"https:\/\/api.w.org\/{rel}","templated":true}]}}